{"id":157,"date":"2025-11-07T13:50:27","date_gmt":"2025-11-07T13:50:27","guid":{"rendered":"https:\/\/www.laboratorijapaster.rs\/shop\/?post_type=product&#038;p=157"},"modified":"2025-11-07T13:50:27","modified_gmt":"2025-11-07T13:50:27","slug":"deep-inhale","status":"publish","type":"product","link":"https:\/\/www.laboratorijapaster.rs\/shop\/\u043f\u0440\u043e\u0438\u0437\u0432\u043e\u0434\/deep-inhale\/","title":{"rendered":"Deep Inhale"},"content":{"rendered":"<p class=\"text-md font-regular leading-[24px] pb-xxs pt-[9px]\" dir=\"ltr\"><span>Deep Inhale je dodatak ishrani u obliku biljnog \u010daja, pa\u017eljivo formulisan da pru\u017ei podr\u0161ku disanju i zdravlju disajnih puteva. Namenjen je svima koji se suo\u010davaju sa izazovima kao \u0161to su ka\u0161alj, ote\u017eano disanje, nakupljanje sluzi ili druge respiratorne smetnje.<\/span><\/p>\n<p class=\"text-md font-regular leading-[24px] pb-xxs pt-[9px]\" dir=\"ltr\"><span>Njegova jedinstvena me\u0161avina prirodnih sastojaka deluje sinergijski kako bi umirila disajne puteve, olak\u0161ala iska\u0161ljavanje i oja\u010dala prirodnu otpornost organizma.<\/span><\/p>\n<h2 class=\"font-semibold pdf-heading-class-replace pb-xxs text-xl leading-[40px] [&amp;:not(:first-child)]:pt-[21px] [&amp;_.underline]:underline-offset-[6px] [&amp;_a]:underline-offset-[6px]\" dir=\"ltr\"><span>Kako funkcioni\u0161e Deep Inhale?<\/span><\/h2>\n<p class=\"text-md font-regular leading-[24px] pb-xxs pt-[9px]\" dir=\"ltr\"><span>Deep Inhale deluje vi\u0161estruko kako bi pru\u017eio sveobuhvatnu podr\u0161ku respiratornom sistemu. Njegova formula je dizajnirana da:<\/span><\/p>\n<ul class=\"pb-xxs pt-[9px] list-disc pl-5xl pt-[5px]\">\n<li value=\"1\" class=\"text-md font-regular leading-[24px] my-[5px] [&amp;&gt;ol]:!pb-0 [&amp;&gt;ol]:!pt-0 [&amp;&gt;ul]:!pb-0 [&amp;&gt;ul]:!pt-0\" dir=\"ltr\"><b><strong class=\"font-semibold\">Ubla\u017ei iritaciju:<\/strong><\/b><span> Aktivni sastojci umiruju nadra\u017eene sluzoko\u017ee grla i plu\u0107a, smanjuju\u0107i ose\u0107aj grebanja i potrebu za ka\u0161ljem.<\/span><\/li>\n<li value=\"2\" class=\"text-md font-regular leading-[24px] my-[5px] [&amp;&gt;ol]:!pb-0 [&amp;&gt;ol]:!pt-0 [&amp;&gt;ul]:!pb-0 [&amp;&gt;ul]:!pt-0\" dir=\"ltr\"><b><strong class=\"font-semibold\">Olak\u0161a iska\u0161ljavanje:<\/strong><\/b><span> \u010caj poma\u017ee u razre\u0111ivanju guste sluzi koja se nakuplja u disajnim putevima, \u010dime olak\u0161ava njeno izbacivanje i pro\u010di\u0161\u0107ava plu\u0107a.<\/span><\/li>\n<li value=\"3\" class=\"text-md font-regular leading-[24px] my-[5px] [&amp;&gt;ol]:!pb-0 [&amp;&gt;ol]:!pt-0 [&amp;&gt;ul]:!pb-0 [&amp;&gt;ul]:!pt-0\" dir=\"ltr\"><b><strong class=\"font-semibold\">Podr\u017ei funkciju plu\u0107a:<\/strong><\/b><span> Redovnom upotrebom, Deep Inhale poma\u017ee u ja\u010danju plu\u0107ne funkcije i kapaciteta, omogu\u0107avaju\u0107i vam da di\u0161ete dublje i slobodnije.<\/span><\/li>\n<li value=\"4\" class=\"text-md font-regular leading-[24px] my-[5px] [&amp;&gt;ol]:!pb-0 [&amp;&gt;ol]:!pt-0 [&amp;&gt;ul]:!pb-0 [&amp;&gt;ul]:!pt-0\" dir=\"ltr\"><b><strong class=\"font-semibold\">Oja\u010da imunitet:<\/strong><\/b><span> Prirodni sastojci ja\u010daju odbrambeni mehanizam tela, poma\u017eu\u0107i mu da se efikasnije bori protiv infekcija koje mogu uticati na disajne puteve.<\/span><\/li>\n<\/ul>\n<h2 class=\"font-semibold pdf-heading-class-replace pb-xxs text-xl leading-[40px] [&amp;:not(:first-child)]:pt-[21px] [&amp;_.underline]:underline-offset-[6px] [&amp;_a]:underline-offset-[6px]\" dir=\"ltr\"><span>Deep Inhale &#8211; Sastav i sastojci<\/span><\/h2>\n<p class=\"text-md font-regular leading-[24px] pb-xxs pt-[9px]\" dir=\"ltr\"><span>Tajna efikasnosti Deep Inhale \u010daja le\u017ei u pa\u017eljivo odabranoj kombinaciji mo\u0107nih biljnih sastojaka, poznatih po svojim blagotvornim dejstvima na respiratorni sistem.<\/span><\/p>\n<ul class=\"pb-xxs pt-[9px] list-disc pl-5xl pt-[5px]\">\n<li value=\"1\" class=\"text-md font-regular leading-[24px] my-[5px] [&amp;&gt;ol]:!pb-0 [&amp;&gt;ol]:!pt-0 [&amp;&gt;ul]:!pb-0 [&amp;&gt;ul]:!pt-0\" dir=\"ltr\"><b><strong class=\"font-semibold\">Divizma (Verbascum thapsus):<\/strong><\/b><span> Ova biljka je tradicionalno poznata kao melem za plu\u0107a. Sadr\u017ei saponine koji poma\u017eu u razre\u0111ivanju sluzi i olak\u0161avaju iska\u0161ljavanje. Divizma tako\u0111e deluje umiruju\u0107e na nadra\u017eenu sluzoko\u017eu, smanjuju\u0107i ka\u0161alj i ose\u0107aj grebanja u grlu.<\/span><\/li>\n<li value=\"2\" class=\"text-md font-regular leading-[24px] my-[5px] [&amp;&gt;ol]:!pb-0 [&amp;&gt;ol]:!pt-0 [&amp;&gt;ul]:!pb-0 [&amp;&gt;ul]:!pt-0\" dir=\"ltr\"><b><strong class=\"font-semibold\">Podbel (Tussilago farfara):<\/strong><\/b><span> Podbel je vekovima kori\u0161\u0107en za le\u010denje ka\u0161lja i drugih respiratornih problema. Njegova sluz obla\u017ee disajne puteve, stvaraju\u0107i za\u0161titni sloj koji umiruje iritaciju i suzbija suvi, nadra\u017eajni ka\u0161alj.<\/span><\/li>\n<li value=\"3\" class=\"text-md font-regular leading-[24px] my-[5px] [&amp;&gt;ol]:!pb-0 [&amp;&gt;ol]:!pt-0 [&amp;&gt;ul]:!pb-0 [&amp;&gt;ul]:!pt-0\" dir=\"ltr\"><b><strong class=\"font-semibold\">Komora\u010d (Foeniculum vulgare):<\/strong><\/b><span> Komora\u010d je poznat po svojim ekspektorantnim svojstvima. Poma\u017ee u opu\u0161tanju mi\u0161i\u0107a disajnih puteva, olak\u0161ava protok vazduha i podsti\u010de izbacivanje nakupljene sluzi, \u010dine\u0107i disanje lak\u0161im.<\/span><\/li>\n<li value=\"4\" class=\"text-md font-regular leading-[24px] my-[5px] [&amp;&gt;ol]:!pb-0 [&amp;&gt;ol]:!pt-0 [&amp;&gt;ul]:!pb-0 [&amp;&gt;ul]:!pt-0\" dir=\"ltr\"><b><strong class=\"font-semibold\">Nana (Mentha piperita):<\/strong><\/b><span> Mentol, aktivni sastojak nane, pru\u017ea trenutni ose\u0107aj olak\u0161anja. Deluje kao prirodni dekongestiv, poma\u017eu\u0107i u otvaranju za\u010depljenih disajnih puteva, smanjenju otoka sluznice i olak\u0161avanju disanja, posebno kod prehlada i alergija.<\/span><\/li>\n<\/ul>\n<h2 class=\"font-semibold pdf-heading-class-replace pb-xxs text-xl leading-[40px] [&amp;:not(:first-child)]:pt-[21px] [&amp;_.underline]:underline-offset-[6px] [&amp;_a]:underline-offset-[6px]\" dir=\"ltr\"><span>Deep Inhale &#8211; Prednosti i rezultati<\/span><\/h2>\n<p class=\"text-md font-regular leading-[24px] pb-xxs pt-[9px]\" dir=\"ltr\"><span>Redovnom upotrebom Deep Inhale \u010daja mo\u017eete o\u010dekivati zna\u010dajno pobolj\u0161anje respiratornog zdravlja. Korisnici su prijavili slede\u0107e prednosti:<\/span><\/p>\n<ul class=\"pb-xxs pt-[9px] list-disc pl-5xl pt-[5px]\">\n<li value=\"1\" class=\"text-md font-regular leading-[24px] my-[5px] [&amp;&gt;ol]:!pb-0 [&amp;&gt;ol]:!pt-0 [&amp;&gt;ul]:!pb-0 [&amp;&gt;ul]:!pt-0\" dir=\"ltr\"><b><strong class=\"font-semibold\">Smanjenje ka\u0161lja:<\/strong><\/b><span> Bilo da se radi o suvom, iritiraju\u0107em ka\u0161lju ili produktivnom ka\u0161lju sa sluzi, Deep Inhale poma\u017ee u smirivanju i kontroli simptoma.<\/span><\/li>\n<li value=\"2\" class=\"text-md font-regular leading-[24px] my-[5px] [&amp;&gt;ol]:!pb-0 [&amp;&gt;ol]:!pt-0 [&amp;&gt;ul]:!pb-0 [&amp;&gt;ul]:!pt-0\" dir=\"ltr\"><b><strong class=\"font-semibold\">Lak\u0161e disanje:<\/strong><\/b><span> Zahvaljuju\u0107i sposobnosti da otvara disajne puteve i smanjuje upalu, \u010daj omogu\u0107ava dublji i slobodniji dah.<\/span><\/li>\n<li value=\"3\" class=\"text-md font-regular leading-[24px] my-[5px] [&amp;&gt;ol]:!pb-0 [&amp;&gt;ol]:!pt-0 [&amp;&gt;ul]:!pb-0 [&amp;&gt;ul]:!pt-0\" dir=\"ltr\"><b><strong class=\"font-semibold\">Pro\u010di\u0161\u0107ena plu\u0107a:<\/strong><\/b><span> Aktivni sastojci podsti\u010du izbacivanje \u0161tetnih materija i vi\u0161ka sluzi, \u010dime se plu\u0107a \u010diste i njihova funkcija pobolj\u0161ava.<\/span><\/li>\n<li value=\"4\" class=\"text-md font-regular leading-[24px] my-[5px] [&amp;&gt;ol]:!pb-0 [&amp;&gt;ol]:!pt-0 [&amp;&gt;ul]:!pb-0 [&amp;&gt;ul]:!pt-0\" dir=\"ltr\"><b><strong class=\"font-semibold\">Ja\u010da otpornost:<\/strong><\/b><span> Ja\u010danjem imunog sistema, Deep Inhale poma\u017ee organizmu da se bolje brani od respiratornih infekcija.<\/span><\/li>\n<li value=\"5\" class=\"text-md font-regular leading-[24px] my-[5px] [&amp;&gt;ol]:!pb-0 [&amp;&gt;ol]:!pt-0 [&amp;&gt;ul]:!pb-0 [&amp;&gt;ul]:!pt-0\" dir=\"ltr\"><b><strong class=\"font-semibold\">Op\u0161te pobolj\u0161anje stanja:<\/strong><\/b><span> Ose\u0107aj olak\u0161anja u grudima i mogu\u0107nost normalnog disanja doprinose boljem op\u0161tem stanju i kvalitetu \u017eivota.<\/span><\/li>\n<\/ul>\n<h2 class=\"font-semibold pdf-heading-class-replace pb-xxs text-xl leading-[40px] [&amp;:not(:first-child)]:pt-[21px] [&amp;_.underline]:underline-offset-[6px] [&amp;_a]:underline-offset-[6px]\" dir=\"ltr\"><span>Kako se koristi Deep Inhale? Uputstvo za upotrebu<\/span><\/h2>\n<p class=\"text-md font-regular leading-[24px] pb-xxs pt-[9px]\" dir=\"ltr\"><span>Priprema Deep Inhale \u010daja je brza i jednostavna.<\/span><\/p>\n<ol class=\"pb-xxs pt-[9px] pl-5xl list-decimal\">\n<li value=\"1\" class=\"text-md font-regular leading-[24px] my-[5px] [&amp;&gt;ol]:!pb-0 [&amp;&gt;ol]:!pt-0 [&amp;&gt;ul]:!pb-0 [&amp;&gt;ul]:!pt-0\" dir=\"ltr\"><span>Jednu ka\u0161i\u010dicu \u010dajne me\u0161avine prelijte sa 250 ml klju\u010dale vode.<\/span><\/li>\n<li value=\"2\" class=\"text-md font-regular leading-[24px] my-[5px] [&amp;&gt;ol]:!pb-0 [&amp;&gt;ol]:!pt-0 [&amp;&gt;ul]:!pb-0 [&amp;&gt;ul]:!pt-0\" dir=\"ltr\"><span>Ostavite da odstoji poklopljeno 5-10 minuta.<\/span><\/li>\n<li value=\"3\" class=\"text-md font-regular leading-[24px] my-[5px] [&amp;&gt;ol]:!pb-0 [&amp;&gt;ol]:!pt-0 [&amp;&gt;ul]:!pb-0 [&amp;&gt;ul]:!pt-0\" dir=\"ltr\"><span>Procedite \u010daj.<\/span><\/li>\n<li value=\"4\" class=\"text-md font-regular leading-[24px] my-[5px] [&amp;&gt;ol]:!pb-0 [&amp;&gt;ol]:!pt-0 [&amp;&gt;ul]:!pb-0 [&amp;&gt;ul]:!pt-0\" dir=\"ltr\"><span>Pijte sve\u017ee pripremljen \u010daj dva puta dnevno, najbolje ujutru i uve\u010de.<\/span><\/li>\n<\/ol>\n<p class=\"text-md font-regular leading-[24px] pb-xxs pt-[9px]\" dir=\"ltr\"><span>Za najbolje rezultate, preporu\u010duje se redovna i kontinuirana upotreba.<\/span><\/p>\n<h2 class=\"font-semibold pdf-heading-class-replace pb-xxs text-xl leading-[40px] [&amp;:not(:first-child)]:pt-[21px] [&amp;_.underline]:underline-offset-[6px] [&amp;_a]:underline-offset-[6px]\" dir=\"ltr\"><span>Deep Inhale &#8211; Kontraindikacije i ne\u017eeljeni efekti<\/span><\/h2>\n<p class=\"text-md font-regular leading-[24px] pb-xxs pt-[9px]\" dir=\"ltr\"><span>Deep Inhale je formulisan na bazi prirodnih biljnih sastojaka i generalno se dobro podnosi. Ne\u017eeljeni efekti su retki i obi\u010dno blagi. Ipak, proizvod se ne preporu\u010duje osobama koje su alergi\u010dne na bilo koji od sastojaka, trudnicama, dojiljama i deci. Ukoliko imate hroni\u010dna oboljenja ili uzimate druge lekove, posavetujte se sa svojim lekarom pre po\u010detka upotrebe.<\/span><\/p>\n","protected":false},"excerpt":{"rendered":"<p>Deep Inhale je dodatak ishrani u obliku biljnog \u010daja, pa\u017eljivo formulisan da pru\u017ei podr\u0161ku disanju i zdravlju disajnih puteva. Namenjen je svima koji se suo\u010davaju sa izazovima kao \u0161to su ka\u0161alj, ote\u017eano disanje, nakupljanje sluzi ili druge respiratorne smetnje. Njegova jedinstvena me\u0161avina prirodnih sastojaka deluje sinergijski kako bi umirila disajne [&hellip;]<\/p>\n","protected":false},"featured_media":158,"template":"","meta":{"iawp_total_views":20},"product_brand":[],"product_cat":[17],"product_tag":[],"class_list":{"0":"post-157","1":"product","2":"type-product","3":"status-publish","4":"has-post-thumbnail","6":"product_cat-17","8":"first","9":"instock","10":"sale","11":"shipping-taxable","12":"purchasable","13":"product-type-simple"},"yoast_head":"<!-- This site is optimized with the Yoast SEO plugin v27.6 - https:\/\/yoast.com\/product\/yoast-seo-wordpress\/ -->\n<title>Deep Inhale - Online Shop Srbija<\/title>\n<meta name=\"robots\" content=\"index, follow, max-snippet:-1, max-image-preview:large, max-video-preview:-1\" \/>\n<link rel=\"canonical\" href=\"https:\/\/www.laboratorijapaster.rs\/shop\/\u043f\u0440\u043e\u0438\u0437\u0432\u043e\u0434\/deep-inhale\/\" \/>\n<meta property=\"og:locale\" content=\"sr_RS\" \/>\n<meta property=\"og:type\" content=\"article\" \/>\n<meta property=\"og:title\" content=\"Deep Inhale - Online Shop Srbija\" \/>\n<meta property=\"og:description\" content=\"Deep Inhale je dodatak ishrani u obliku biljnog \u010daja, pa\u017eljivo formulisan da pru\u017ei podr\u0161ku disanju i zdravlju disajnih puteva. Namenjen je svima koji se suo\u010davaju sa izazovima kao \u0161to su ka\u0161alj, ote\u017eano disanje, nakupljanje sluzi ili druge respiratorne smetnje. Njegova jedinstvena me\u0161avina prirodnih sastojaka deluje sinergijski kako bi umirila disajne [&hellip;]\" \/>\n<meta property=\"og:url\" content=\"https:\/\/www.laboratorijapaster.rs\/shop\/\u043f\u0440\u043e\u0438\u0437\u0432\u043e\u0434\/deep-inhale\/\" \/>\n<meta property=\"og:site_name\" content=\"Online Shop Srbija\" \/>\n<meta property=\"og:image\" content=\"http:\/\/www.laboratorijapaster.rs\/shop\/wp-content\/uploads\/2025\/11\/deep-inhale.jpg\" \/>\n\t<meta property=\"og:image:width\" content=\"250\" \/>\n\t<meta property=\"og:image:height\" content=\"300\" \/>\n\t<meta property=\"og:image:type\" content=\"image\/jpeg\" \/>\n<meta name=\"twitter:card\" content=\"summary_large_image\" \/>\n<meta name=\"twitter:label1\" content=\"\u041f\u0440\u043e\u0446\u0435\u045a\u0435\u043d\u043e \u0432\u0440\u0435\u043c\u0435 \u0447\u0438\u0442\u0430\u045a\u0430\" \/>\n\t<meta name=\"twitter:data1\" content=\"4 \u043c\u0438\u043d\u0443\u0442\u0430\" \/>\n<script type=\"application\/ld+json\" class=\"yoast-schema-graph\">{\"@context\":\"https:\\\/\\\/schema.org\",\"@graph\":[{\"@type\":\"WebPage\",\"@id\":\"https:\\\/\\\/www.laboratorijapaster.rs\\\/shop\\\/\u043f\u0440\u043e\u0438\u0437\u0432\u043e\u0434\\\/deep-inhale\\\/\",\"url\":\"https:\\\/\\\/www.laboratorijapaster.rs\\\/shop\\\/\u043f\u0440\u043e\u0438\u0437\u0432\u043e\u0434\\\/deep-inhale\\\/\",\"name\":\"Deep Inhale - Online Shop Srbija\",\"isPartOf\":{\"@id\":\"https:\\\/\\\/www.laboratorijapaster.rs\\\/shop\\\/#website\"},\"primaryImageOfPage\":{\"@id\":\"https:\\\/\\\/www.laboratorijapaster.rs\\\/shop\\\/\u043f\u0440\u043e\u0438\u0437\u0432\u043e\u0434\\\/deep-inhale\\\/#primaryimage\"},\"image\":{\"@id\":\"https:\\\/\\\/www.laboratorijapaster.rs\\\/shop\\\/\u043f\u0440\u043e\u0438\u0437\u0432\u043e\u0434\\\/deep-inhale\\\/#primaryimage\"},\"thumbnailUrl\":\"https:\\\/\\\/www.laboratorijapaster.rs\\\/shop\\\/wp-content\\\/uploads\\\/2025\\\/11\\\/deep-inhale.jpg\",\"datePublished\":\"2025-11-07T13:50:27+00:00\",\"breadcrumb\":{\"@id\":\"https:\\\/\\\/www.laboratorijapaster.rs\\\/shop\\\/\u043f\u0440\u043e\u0438\u0437\u0432\u043e\u0434\\\/deep-inhale\\\/#breadcrumb\"},\"inLanguage\":\"sr-RS\",\"potentialAction\":[{\"@type\":\"ReadAction\",\"target\":[\"https:\\\/\\\/www.laboratorijapaster.rs\\\/shop\\\/\u043f\u0440\u043e\u0438\u0437\u0432\u043e\u0434\\\/deep-inhale\\\/\"]}]},{\"@type\":\"ImageObject\",\"inLanguage\":\"sr-RS\",\"@id\":\"https:\\\/\\\/www.laboratorijapaster.rs\\\/shop\\\/\u043f\u0440\u043e\u0438\u0437\u0432\u043e\u0434\\\/deep-inhale\\\/#primaryimage\",\"url\":\"https:\\\/\\\/www.laboratorijapaster.rs\\\/shop\\\/wp-content\\\/uploads\\\/2025\\\/11\\\/deep-inhale.jpg\",\"contentUrl\":\"https:\\\/\\\/www.laboratorijapaster.rs\\\/shop\\\/wp-content\\\/uploads\\\/2025\\\/11\\\/deep-inhale.jpg\",\"width\":250,\"height\":300,\"caption\":\"deep inhale\"},{\"@type\":\"BreadcrumbList\",\"@id\":\"https:\\\/\\\/www.laboratorijapaster.rs\\\/shop\\\/\u043f\u0440\u043e\u0438\u0437\u0432\u043e\u0434\\\/deep-inhale\\\/#breadcrumb\",\"itemListElement\":[{\"@type\":\"ListItem\",\"position\":1,\"name\":\"\u041f\u043e\u0447\u0435\u0442\u043d\u0430\",\"item\":\"https:\\\/\\\/www.laboratorijapaster.rs\\\/shop\\\/\"},{\"@type\":\"ListItem\",\"position\":2,\"name\":\"\u041f\u0440\u043e\u0434\u0430\u0432\u043d\u0438\u0446\u0430\",\"item\":\"https:\\\/\\\/www.laboratorijapaster.rs\\\/shop\\\/\"},{\"@type\":\"ListItem\",\"position\":3,\"name\":\"Deep Inhale\"}]},{\"@type\":\"WebSite\",\"@id\":\"https:\\\/\\\/www.laboratorijapaster.rs\\\/shop\\\/#website\",\"url\":\"https:\\\/\\\/www.laboratorijapaster.rs\\\/shop\\\/\",\"name\":\"Online Shop Srbija\",\"description\":\"\",\"potentialAction\":[{\"@type\":\"SearchAction\",\"target\":{\"@type\":\"EntryPoint\",\"urlTemplate\":\"https:\\\/\\\/www.laboratorijapaster.rs\\\/shop\\\/?s={search_term_string}\"},\"query-input\":{\"@type\":\"PropertyValueSpecification\",\"valueRequired\":true,\"valueName\":\"search_term_string\"}}],\"inLanguage\":\"sr-RS\"}]}<\/script>\n<!-- \/ Yoast SEO plugin. -->","yoast_head_json":{"title":"Deep Inhale - Online Shop Srbija","robots":{"index":"index","follow":"follow","max-snippet":"max-snippet:-1","max-image-preview":"max-image-preview:large","max-video-preview":"max-video-preview:-1"},"canonical":"https:\/\/www.laboratorijapaster.rs\/shop\/\u043f\u0440\u043e\u0438\u0437\u0432\u043e\u0434\/deep-inhale\/","og_locale":"sr_RS","og_type":"article","og_title":"Deep Inhale - Online Shop Srbija","og_description":"Deep Inhale je dodatak ishrani u obliku biljnog \u010daja, pa\u017eljivo formulisan da pru\u017ei podr\u0161ku disanju i zdravlju disajnih puteva. Namenjen je svima koji se suo\u010davaju sa izazovima kao \u0161to su ka\u0161alj, ote\u017eano disanje, nakupljanje sluzi ili druge respiratorne smetnje. Njegova jedinstvena me\u0161avina prirodnih sastojaka deluje sinergijski kako bi umirila disajne [&hellip;]","og_url":"https:\/\/www.laboratorijapaster.rs\/shop\/\u043f\u0440\u043e\u0438\u0437\u0432\u043e\u0434\/deep-inhale\/","og_site_name":"Online Shop Srbija","og_image":[{"width":250,"height":300,"url":"http:\/\/www.laboratorijapaster.rs\/shop\/wp-content\/uploads\/2025\/11\/deep-inhale.jpg","type":"image\/jpeg"}],"twitter_card":"summary_large_image","twitter_misc":{"\u041f\u0440\u043e\u0446\u0435\u045a\u0435\u043d\u043e \u0432\u0440\u0435\u043c\u0435 \u0447\u0438\u0442\u0430\u045a\u0430":"4 \u043c\u0438\u043d\u0443\u0442\u0430"},"schema":{"@context":"https:\/\/schema.org","@graph":[{"@type":"WebPage","@id":"https:\/\/www.laboratorijapaster.rs\/shop\/\u043f\u0440\u043e\u0438\u0437\u0432\u043e\u0434\/deep-inhale\/","url":"https:\/\/www.laboratorijapaster.rs\/shop\/\u043f\u0440\u043e\u0438\u0437\u0432\u043e\u0434\/deep-inhale\/","name":"Deep Inhale - Online Shop Srbija","isPartOf":{"@id":"https:\/\/www.laboratorijapaster.rs\/shop\/#website"},"primaryImageOfPage":{"@id":"https:\/\/www.laboratorijapaster.rs\/shop\/\u043f\u0440\u043e\u0438\u0437\u0432\u043e\u0434\/deep-inhale\/#primaryimage"},"image":{"@id":"https:\/\/www.laboratorijapaster.rs\/shop\/\u043f\u0440\u043e\u0438\u0437\u0432\u043e\u0434\/deep-inhale\/#primaryimage"},"thumbnailUrl":"https:\/\/www.laboratorijapaster.rs\/shop\/wp-content\/uploads\/2025\/11\/deep-inhale.jpg","datePublished":"2025-11-07T13:50:27+00:00","breadcrumb":{"@id":"https:\/\/www.laboratorijapaster.rs\/shop\/\u043f\u0440\u043e\u0438\u0437\u0432\u043e\u0434\/deep-inhale\/#breadcrumb"},"inLanguage":"sr-RS","potentialAction":[{"@type":"ReadAction","target":["https:\/\/www.laboratorijapaster.rs\/shop\/\u043f\u0440\u043e\u0438\u0437\u0432\u043e\u0434\/deep-inhale\/"]}]},{"@type":"ImageObject","inLanguage":"sr-RS","@id":"https:\/\/www.laboratorijapaster.rs\/shop\/\u043f\u0440\u043e\u0438\u0437\u0432\u043e\u0434\/deep-inhale\/#primaryimage","url":"https:\/\/www.laboratorijapaster.rs\/shop\/wp-content\/uploads\/2025\/11\/deep-inhale.jpg","contentUrl":"https:\/\/www.laboratorijapaster.rs\/shop\/wp-content\/uploads\/2025\/11\/deep-inhale.jpg","width":250,"height":300,"caption":"deep inhale"},{"@type":"BreadcrumbList","@id":"https:\/\/www.laboratorijapaster.rs\/shop\/\u043f\u0440\u043e\u0438\u0437\u0432\u043e\u0434\/deep-inhale\/#breadcrumb","itemListElement":[{"@type":"ListItem","position":1,"name":"\u041f\u043e\u0447\u0435\u0442\u043d\u0430","item":"https:\/\/www.laboratorijapaster.rs\/shop\/"},{"@type":"ListItem","position":2,"name":"\u041f\u0440\u043e\u0434\u0430\u0432\u043d\u0438\u0446\u0430","item":"https:\/\/www.laboratorijapaster.rs\/shop\/"},{"@type":"ListItem","position":3,"name":"Deep Inhale"}]},{"@type":"WebSite","@id":"https:\/\/www.laboratorijapaster.rs\/shop\/#website","url":"https:\/\/www.laboratorijapaster.rs\/shop\/","name":"Online Shop Srbija","description":"","potentialAction":[{"@type":"SearchAction","target":{"@type":"EntryPoint","urlTemplate":"https:\/\/www.laboratorijapaster.rs\/shop\/?s={search_term_string}"},"query-input":{"@type":"PropertyValueSpecification","valueRequired":true,"valueName":"search_term_string"}}],"inLanguage":"sr-RS"}]}},"_links":{"self":[{"href":"https:\/\/www.laboratorijapaster.rs\/shop\/wp-json\/wp\/v2\/product\/157","targetHints":{"allow":["GET"]}}],"collection":[{"href":"https:\/\/www.laboratorijapaster.rs\/shop\/wp-json\/wp\/v2\/product"}],"about":[{"href":"https:\/\/www.laboratorijapaster.rs\/shop\/wp-json\/wp\/v2\/types\/product"}],"wp:featuredmedia":[{"embeddable":true,"href":"https:\/\/www.laboratorijapaster.rs\/shop\/wp-json\/wp\/v2\/media\/158"}],"wp:attachment":[{"href":"https:\/\/www.laboratorijapaster.rs\/shop\/wp-json\/wp\/v2\/media?parent=157"}],"wp:term":[{"taxonomy":"product_brand","embeddable":true,"href":"https:\/\/www.laboratorijapaster.rs\/shop\/wp-json\/wp\/v2\/product_brand?post=157"},{"taxonomy":"product_cat","embeddable":true,"href":"https:\/\/www.laboratorijapaster.rs\/shop\/wp-json\/wp\/v2\/product_cat?post=157"},{"taxonomy":"product_tag","embeddable":true,"href":"https:\/\/www.laboratorijapaster.rs\/shop\/wp-json\/wp\/v2\/product_tag?post=157"}],"curies":[{"name":"wp","href":"https:\/\/api.w.org\/{rel}","templated":true}]}}