{"id":9,"date":"2025-08-15T16:17:39","date_gmt":"2025-08-15T16:17:39","guid":{"rendered":"https:\/\/www.laboratorijapaster.rs\/shop\/%d0%ba%d0%be%d1%80%d0%bf%d0%b0\/"},"modified":"2025-08-17T15:24:33","modified_gmt":"2025-08-17T15:24:33","slug":"%d0%ba%d0%be%d1%80%d0%bf%d0%b0","status":"publish","type":"page","link":"https:\/\/www.laboratorijapaster.rs\/shop\/%d0%ba%d0%be%d1%80%d0%bf%d0%b0\/","title":{"rendered":"\u041a\u043e\u0440\u043f\u0430"},"content":{"rendered":"\n<div data-block-name=\"woocommerce\/cart\" class=\"wp-block-woocommerce-cart alignwide is-loading\">\n<div data-block-name=\"woocommerce\/filled-cart-block\" class=\"wp-block-woocommerce-filled-cart-block\">\n<div data-block-name=\"woocommerce\/cart-items-block\" class=\"wp-block-woocommerce-cart-items-block\">\n<div data-block-name=\"woocommerce\/cart-line-items-block\" class=\"wp-block-woocommerce-cart-line-items-block\"><\/div>\n\n\n\n<div data-block-name=\"woocommerce\/cart-cross-sells-block\" class=\"wp-block-woocommerce-cart-cross-sells-block\">\n<h2 class=\"wp-block-heading has-large-font-size\">\u041c\u043e\u0436\u0434\u0430 \u045b\u0435 \u0432\u0430\u0441 \u0438\u043d\u0442\u0435\u0440\u0435\u0441\u043e\u0432\u0430\u0442\u0438&#8230;<\/h2>\n\n\n\n<div data-block-name=\"woocommerce\/cart-cross-sells-products-block\" class=\"wp-block-woocommerce-cart-cross-sells-products-block\"><\/div>\n<\/div>\n<\/div>\n\n\n\n<div data-block-name=\"woocommerce\/cart-totals-block\" class=\"wp-block-woocommerce-cart-totals-block\">\n<div data-block-name=\"woocommerce\/cart-order-summary-block\" class=\"wp-block-woocommerce-cart-order-summary-block\">\n<div data-block-name=\"woocommerce\/cart-order-summary-heading-block\" class=\"wp-block-woocommerce-cart-order-summary-heading-block\"><\/div><div data-block-name=\"woocommerce\/cart-order-summary-coupon-form-block\" class=\"wp-block-woocommerce-cart-order-summary-coupon-form-block\"><\/div><div data-block-name=\"woocommerce\/cart-order-summary-totals-block\" class=\"wp-block-woocommerce-cart-order-summary-totals-block\">\n<div data-block-name=\"woocommerce\/cart-order-summary-subtotal-block\" class=\"wp-block-woocommerce-cart-order-summary-subtotal-block\"><\/div>\n<div data-block-name=\"woocommerce\/cart-order-summary-discount-block\" class=\"wp-block-woocommerce-cart-order-summary-discount-block\"><\/div>\n<div data-block-name=\"woocommerce\/cart-order-summary-fee-block\" class=\"wp-block-woocommerce-cart-order-summary-fee-block\"><\/div>\n<div data-block-name=\"woocommerce\/cart-order-summary-shipping-block\" class=\"wp-block-woocommerce-cart-order-summary-shipping-block\"><\/div>\n<div data-block-name=\"woocommerce\/cart-order-summary-taxes-block\" class=\"wp-block-woocommerce-cart-order-summary-taxes-block\"><\/div><\/div>\n<\/div>\n\n\n\n<div data-block-name=\"woocommerce\/cart-express-payment-block\" class=\"wp-block-woocommerce-cart-express-payment-block\"><\/div>\n\n\n\n<div data-block-name=\"woocommerce\/proceed-to-checkout-block\" class=\"wp-block-woocommerce-proceed-to-checkout-block\"><\/div>\n\n\n\n<div data-block-name=\"woocommerce\/cart-accepted-payment-methods-block\" class=\"wp-block-woocommerce-cart-accepted-payment-methods-block\"><\/div>\n<\/div>\n<\/div>\n\n\n\n<div data-block-name=\"woocommerce\/empty-cart-block\" class=\"wp-block-woocommerce-empty-cart-block\">\n<h2 class=\"wp-block-heading has-text-align-center with-empty-cart-icon wc-block-cart__empty-cart__title\">\u0412\u0430\u0448\u0430 \u043a\u043e\u0440\u043f\u0430 \u0458\u0435 \u0442\u0440\u0435\u043d\u0443\u0442\u043d\u043e \u043f\u0440\u0430\u0437\u043d\u0430!<\/h2>\n\n\n\n<hr class=\"wp-block-separator has-alpha-channel-opacity is-style-dots\"\/>\n\n\n\n<h2 class=\"wp-block-heading has-text-align-center\">\u041d\u043e\u0432\u043e \u0443 \u043f\u0440\u043e\u0434\u0430\u0432\u043d\u0438\u0446\u0438<\/h2>\n\n\n<div data-block-name=\"woocommerce\/product-new\" data-columns=\"4\" data-rows=\"1\" class=\"wc-block-grid wp-block-product-new wp-block-woocommerce-product-new wc-block-product-new has-4-columns\"><ul class=\"wc-block-grid__products\"><li class=\"wc-block-grid__product\">\n\t\t\t\t<a href=\"https:\/\/www.laboratorijapaster.rs\/shop\/\u043f\u0440\u043e\u0438\u0437\u0432\u043e\u0434\/dia-caps\/\" class=\"wc-block-grid__product-link\">\n\t\t\t\t\t<div class=\"wc-block-grid__product-onsale\">\n\t\t\t<span aria-hidden=\"true\">\u0421\u043d\u0438\u0436\u0435\u043d\u043e<\/span>\n\t\t\t<span class=\"screen-reader-text\">\u041f\u0440\u043e\u0438\u0437\u0432\u043e\u0434 \u043d\u0430 \u043f\u043e\u043f\u0443\u0441\u0442\u0443<\/span>\n\t\t<\/div>\n\t\t\t\t\t<div class=\"wc-block-grid__product-image\"><img loading=\"lazy\" decoding=\"async\" width=\"230\" height=\"300\" src=\"https:\/\/www.laboratorijapaster.rs\/shop\/wp-content\/uploads\/2026\/02\/dia-caps-230x300.jpg\" class=\"attachment-woocommerce_thumbnail size-woocommerce_thumbnail\" alt=\"dia caps\" \/><\/div>\n\t\t\t\t\t<div class=\"wc-block-grid__product-title\">Dia Caps<\/div>\n\t\t\t\t<\/a>\n\t\t\t\t<div class=\"wc-block-grid__product-price price\"><del aria-hidden=\"true\"><span class=\"woocommerce-Price-amount amount\">7.400&nbsp;<span class=\"woocommerce-Price-currencySymbol\">&#1088;&#1089;&#1076;<\/span><\/span><\/del> <span class=\"screen-reader-text\">\u041e\u0440\u0438\u0433\u0438\u043d\u0430\u043b\u043d\u0430 \u0446\u0435\u043d\u0430 \u0458\u0435 \u0431\u0438\u043b\u0430: 7.400&nbsp;&#1088;&#1089;&#1076;.<\/span><ins aria-hidden=\"true\"><span class=\"woocommerce-Price-amount amount\">3.700&nbsp;<span class=\"woocommerce-Price-currencySymbol\">&#1088;&#1089;&#1076;<\/span><\/span><\/ins><span class=\"screen-reader-text\">\u0422\u0440\u0435\u043d\u0443\u0442\u043d\u0430 \u0446\u0435\u043d\u0430 \u0458\u0435: 3.700&nbsp;&#1088;&#1089;&#1076;.<\/span><\/div>\n\t\t\t\t\n\t\t\t\t<div class=\"wp-block-button wc-block-grid__product-add-to-cart\"><a href=\"https:\/\/tl-track.com\/tracker\/vWWh\" aria-label=\"Naru\u010di s web stranice proizvo\u0111a\u010da\" data-quantity=\"1\" data-product_id=\"242\" data-product_sku=\"\" data-price=\"3700\" rel=\"nofollow\" class=\"wp-block-button__link  add_to_cart_button\">Naru\u010di s web stranice proizvo\u0111a\u010da<\/a><\/div>\n\t\t\t<\/li><li class=\"wc-block-grid__product\">\n\t\t\t\t<a href=\"https:\/\/www.laboratorijapaster.rs\/shop\/\u043f\u0440\u043e\u0438\u0437\u0432\u043e\u0434\/artro-joint\/\" class=\"wc-block-grid__product-link\">\n\t\t\t\t\t<div class=\"wc-block-grid__product-onsale\">\n\t\t\t<span aria-hidden=\"true\">\u0421\u043d\u0438\u0436\u0435\u043d\u043e<\/span>\n\t\t\t<span class=\"screen-reader-text\">\u041f\u0440\u043e\u0438\u0437\u0432\u043e\u0434 \u043d\u0430 \u043f\u043e\u043f\u0443\u0441\u0442\u0443<\/span>\n\t\t<\/div>\n\t\t\t\t\t<div class=\"wc-block-grid__product-image\"><img loading=\"lazy\" decoding=\"async\" width=\"230\" height=\"300\" src=\"https:\/\/www.laboratorijapaster.rs\/shop\/wp-content\/uploads\/2026\/02\/artro-joint-230x300.jpg\" class=\"attachment-woocommerce_thumbnail size-woocommerce_thumbnail\" alt=\"artro joint\" \/><\/div>\n\t\t\t\t\t<div class=\"wc-block-grid__product-title\">Artro Joint<\/div>\n\t\t\t\t<\/a>\n\t\t\t\t<div class=\"wc-block-grid__product-price price\"><del aria-hidden=\"true\"><span class=\"woocommerce-Price-amount amount\">7.400&nbsp;<span class=\"woocommerce-Price-currencySymbol\">&#1088;&#1089;&#1076;<\/span><\/span><\/del> <span class=\"screen-reader-text\">\u041e\u0440\u0438\u0433\u0438\u043d\u0430\u043b\u043d\u0430 \u0446\u0435\u043d\u0430 \u0458\u0435 \u0431\u0438\u043b\u0430: 7.400&nbsp;&#1088;&#1089;&#1076;.<\/span><ins aria-hidden=\"true\"><span class=\"woocommerce-Price-amount amount\">3.700&nbsp;<span class=\"woocommerce-Price-currencySymbol\">&#1088;&#1089;&#1076;<\/span><\/span><\/ins><span class=\"screen-reader-text\">\u0422\u0440\u0435\u043d\u0443\u0442\u043d\u0430 \u0446\u0435\u043d\u0430 \u0458\u0435: 3.700&nbsp;&#1088;&#1089;&#1076;.<\/span><\/div>\n\t\t\t\t\n\t\t\t\t<div class=\"wp-block-button wc-block-grid__product-add-to-cart\"><a href=\"https:\/\/tl-track.com\/tracker\/vWWf\" aria-label=\"Naru\u010di s web stranice proizvo\u0111a\u010da\" data-quantity=\"1\" data-product_id=\"240\" data-product_sku=\"\" data-price=\"3700\" rel=\"nofollow\" class=\"wp-block-button__link  add_to_cart_button\">Naru\u010di s web stranice proizvo\u0111a\u010da<\/a><\/div>\n\t\t\t<\/li><li class=\"wc-block-grid__product\">\n\t\t\t\t<a href=\"https:\/\/www.laboratorijapaster.rs\/shop\/\u043f\u0440\u043e\u0438\u0437\u0432\u043e\u0434\/otorin\/\" class=\"wc-block-grid__product-link\">\n\t\t\t\t\t<div class=\"wc-block-grid__product-onsale\">\n\t\t\t<span aria-hidden=\"true\">\u0421\u043d\u0438\u0436\u0435\u043d\u043e<\/span>\n\t\t\t<span class=\"screen-reader-text\">\u041f\u0440\u043e\u0438\u0437\u0432\u043e\u0434 \u043d\u0430 \u043f\u043e\u043f\u0443\u0441\u0442\u0443<\/span>\n\t\t<\/div>\n\t\t\t\t\t<div class=\"wc-block-grid__product-image\"><img loading=\"lazy\" decoding=\"async\" width=\"230\" height=\"300\" src=\"https:\/\/www.laboratorijapaster.rs\/shop\/wp-content\/uploads\/2026\/02\/otorin-caps-230x300.jpg\" class=\"attachment-woocommerce_thumbnail size-woocommerce_thumbnail\" alt=\"otorin caps\" \/><\/div>\n\t\t\t\t\t<div class=\"wc-block-grid__product-title\">Otorin<\/div>\n\t\t\t\t<\/a>\n\t\t\t\t<div class=\"wc-block-grid__product-price price\"><del aria-hidden=\"true\"><span class=\"woocommerce-Price-amount amount\">7.400&nbsp;<span class=\"woocommerce-Price-currencySymbol\">&#1088;&#1089;&#1076;<\/span><\/span><\/del> <span class=\"screen-reader-text\">\u041e\u0440\u0438\u0433\u0438\u043d\u0430\u043b\u043d\u0430 \u0446\u0435\u043d\u0430 \u0458\u0435 \u0431\u0438\u043b\u0430: 7.400&nbsp;&#1088;&#1089;&#1076;.<\/span><ins aria-hidden=\"true\"><span class=\"woocommerce-Price-amount amount\">3.700&nbsp;<span class=\"woocommerce-Price-currencySymbol\">&#1088;&#1089;&#1076;<\/span><\/span><\/ins><span class=\"screen-reader-text\">\u0422\u0440\u0435\u043d\u0443\u0442\u043d\u0430 \u0446\u0435\u043d\u0430 \u0458\u0435: 3.700&nbsp;&#1088;&#1089;&#1076;.<\/span><\/div>\n\t\t\t\t\n\t\t\t\t<div class=\"wp-block-button wc-block-grid__product-add-to-cart\"><a href=\"https:\/\/tl-track.com\/tracker\/vWWS\" aria-label=\"Naru\u010di s web stranice proizvo\u0111a\u010da\" data-quantity=\"1\" data-product_id=\"238\" data-product_sku=\"\" data-price=\"3700\" rel=\"nofollow\" class=\"wp-block-button__link  add_to_cart_button\">Naru\u010di s web stranice proizvo\u0111a\u010da<\/a><\/div>\n\t\t\t<\/li><li class=\"wc-block-grid__product\">\n\t\t\t\t<a href=\"https:\/\/www.laboratorijapaster.rs\/shop\/\u043f\u0440\u043e\u0438\u0437\u0432\u043e\u0434\/herbolo\/\" class=\"wc-block-grid__product-link\">\n\t\t\t\t\t<div class=\"wc-block-grid__product-onsale\">\n\t\t\t<span aria-hidden=\"true\">\u0421\u043d\u0438\u0436\u0435\u043d\u043e<\/span>\n\t\t\t<span class=\"screen-reader-text\">\u041f\u0440\u043e\u0438\u0437\u0432\u043e\u0434 \u043d\u0430 \u043f\u043e\u043f\u0443\u0441\u0442\u0443<\/span>\n\t\t<\/div>\n\t\t\t\t\t<div class=\"wc-block-grid__product-image\"><img loading=\"lazy\" decoding=\"async\" width=\"230\" height=\"300\" src=\"https:\/\/www.laboratorijapaster.rs\/shop\/wp-content\/uploads\/2026\/02\/herbolo-230x300.jpg\" class=\"attachment-woocommerce_thumbnail size-woocommerce_thumbnail\" alt=\"herbolo\" \/><\/div>\n\t\t\t\t\t<div class=\"wc-block-grid__product-title\">Herbolo<\/div>\n\t\t\t\t<\/a>\n\t\t\t\t<div class=\"wc-block-grid__product-price price\"><del aria-hidden=\"true\"><span class=\"woocommerce-Price-amount amount\">7.400&nbsp;<span class=\"woocommerce-Price-currencySymbol\">&#1088;&#1089;&#1076;<\/span><\/span><\/del> <span class=\"screen-reader-text\">\u041e\u0440\u0438\u0433\u0438\u043d\u0430\u043b\u043d\u0430 \u0446\u0435\u043d\u0430 \u0458\u0435 \u0431\u0438\u043b\u0430: 7.400&nbsp;&#1088;&#1089;&#1076;.<\/span><ins aria-hidden=\"true\"><span class=\"woocommerce-Price-amount amount\">3.700&nbsp;<span class=\"woocommerce-Price-currencySymbol\">&#1088;&#1089;&#1076;<\/span><\/span><\/ins><span class=\"screen-reader-text\">\u0422\u0440\u0435\u043d\u0443\u0442\u043d\u0430 \u0446\u0435\u043d\u0430 \u0458\u0435: 3.700&nbsp;&#1088;&#1089;&#1076;.<\/span><\/div>\n\t\t\t\t\n\t\t\t\t<div class=\"wp-block-button wc-block-grid__product-add-to-cart\"><a href=\"https:\/\/tl-track.com\/tracker\/vWW7\" aria-label=\"Naru\u010di s web stranice proizvo\u0111a\u010da\" data-quantity=\"1\" data-product_id=\"236\" data-product_sku=\"\" data-price=\"3700\" rel=\"nofollow\" class=\"wp-block-button__link  add_to_cart_button\">Naru\u010di s web stranice proizvo\u0111a\u010da<\/a><\/div>\n\t\t\t<\/li><\/ul><\/div><\/div>\n<\/div>\n","protected":false},"excerpt":{"rendered":"","protected":false},"author":1,"featured_media":0,"parent":0,"menu_order":0,"comment_status":"closed","ping_status":"closed","template":"","meta":{"iawp_total_views":231,"footnotes":""},"class_list":["post-9","page","type-page","status-publish","hentry"],"yoast_head":"<!-- This site is optimized with the Yoast SEO plugin v27.6 - https:\/\/yoast.com\/product\/yoast-seo-wordpress\/ -->\n<title>\u041a\u043e\u0440\u043f\u0430 - Online Shop Srbija<\/title>\n<meta name=\"robots\" content=\"index, follow, max-snippet:-1, max-image-preview:large, max-video-preview:-1\" \/>\n<link rel=\"canonical\" href=\"https:\/\/www.laboratorijapaster.rs\/shop\/\u043a\u043e\u0440\u043f\u0430\/\" \/>\n<meta property=\"og:locale\" content=\"sr_RS\" \/>\n<meta property=\"og:type\" content=\"article\" \/>\n<meta property=\"og:title\" content=\"\u041a\u043e\u0440\u043f\u0430 - Online Shop Srbija\" \/>\n<meta property=\"og:url\" content=\"https:\/\/www.laboratorijapaster.rs\/shop\/\u043a\u043e\u0440\u043f\u0430\/\" \/>\n<meta property=\"og:site_name\" content=\"Online Shop Srbija\" \/>\n<meta property=\"article:modified_time\" content=\"2025-08-17T15:24:33+00:00\" \/>\n<meta name=\"twitter:card\" content=\"summary_large_image\" \/>\n<script type=\"application\/ld+json\" class=\"yoast-schema-graph\">{\"@context\":\"https:\\\/\\\/schema.org\",\"@graph\":[{\"@type\":\"WebPage\",\"@id\":\"https:\\\/\\\/www.laboratorijapaster.rs\\\/shop\\\/%d0%ba%d0%be%d1%80%d0%bf%d0%b0\\\/\",\"url\":\"https:\\\/\\\/www.laboratorijapaster.rs\\\/shop\\\/%d0%ba%d0%be%d1%80%d0%bf%d0%b0\\\/\",\"name\":\"\u041a\u043e\u0440\u043f\u0430 - Online Shop Srbija\",\"isPartOf\":{\"@id\":\"https:\\\/\\\/www.laboratorijapaster.rs\\\/shop\\\/#website\"},\"datePublished\":\"2025-08-15T16:17:39+00:00\",\"dateModified\":\"2025-08-17T15:24:33+00:00\",\"breadcrumb\":{\"@id\":\"https:\\\/\\\/www.laboratorijapaster.rs\\\/shop\\\/%d0%ba%d0%be%d1%80%d0%bf%d0%b0\\\/#breadcrumb\"},\"inLanguage\":\"sr-RS\",\"potentialAction\":[{\"@type\":\"ReadAction\",\"target\":[\"https:\\\/\\\/www.laboratorijapaster.rs\\\/shop\\\/%d0%ba%d0%be%d1%80%d0%bf%d0%b0\\\/\"]}]},{\"@type\":\"BreadcrumbList\",\"@id\":\"https:\\\/\\\/www.laboratorijapaster.rs\\\/shop\\\/%d0%ba%d0%be%d1%80%d0%bf%d0%b0\\\/#breadcrumb\",\"itemListElement\":[{\"@type\":\"ListItem\",\"position\":1,\"name\":\"\u041f\u043e\u0447\u0435\u0442\u043d\u0430\",\"item\":\"https:\\\/\\\/www.laboratorijapaster.rs\\\/shop\\\/\"},{\"@type\":\"ListItem\",\"position\":2,\"name\":\"\u041a\u043e\u0440\u043f\u0430\"}]},{\"@type\":\"WebSite\",\"@id\":\"https:\\\/\\\/www.laboratorijapaster.rs\\\/shop\\\/#website\",\"url\":\"https:\\\/\\\/www.laboratorijapaster.rs\\\/shop\\\/\",\"name\":\"Online Shop Srbija\",\"description\":\"\",\"potentialAction\":[{\"@type\":\"SearchAction\",\"target\":{\"@type\":\"EntryPoint\",\"urlTemplate\":\"https:\\\/\\\/www.laboratorijapaster.rs\\\/shop\\\/?s={search_term_string}\"},\"query-input\":{\"@type\":\"PropertyValueSpecification\",\"valueRequired\":true,\"valueName\":\"search_term_string\"}}],\"inLanguage\":\"sr-RS\"}]}<\/script>\n<!-- \/ Yoast SEO plugin. -->","yoast_head_json":{"title":"\u041a\u043e\u0440\u043f\u0430 - Online Shop Srbija","robots":{"index":"index","follow":"follow","max-snippet":"max-snippet:-1","max-image-preview":"max-image-preview:large","max-video-preview":"max-video-preview:-1"},"canonical":"https:\/\/www.laboratorijapaster.rs\/shop\/\u043a\u043e\u0440\u043f\u0430\/","og_locale":"sr_RS","og_type":"article","og_title":"\u041a\u043e\u0440\u043f\u0430 - Online Shop Srbija","og_url":"https:\/\/www.laboratorijapaster.rs\/shop\/\u043a\u043e\u0440\u043f\u0430\/","og_site_name":"Online Shop Srbija","article_modified_time":"2025-08-17T15:24:33+00:00","twitter_card":"summary_large_image","schema":{"@context":"https:\/\/schema.org","@graph":[{"@type":"WebPage","@id":"https:\/\/www.laboratorijapaster.rs\/shop\/%d0%ba%d0%be%d1%80%d0%bf%d0%b0\/","url":"https:\/\/www.laboratorijapaster.rs\/shop\/%d0%ba%d0%be%d1%80%d0%bf%d0%b0\/","name":"\u041a\u043e\u0440\u043f\u0430 - Online Shop Srbija","isPartOf":{"@id":"https:\/\/www.laboratorijapaster.rs\/shop\/#website"},"datePublished":"2025-08-15T16:17:39+00:00","dateModified":"2025-08-17T15:24:33+00:00","breadcrumb":{"@id":"https:\/\/www.laboratorijapaster.rs\/shop\/%d0%ba%d0%be%d1%80%d0%bf%d0%b0\/#breadcrumb"},"inLanguage":"sr-RS","potentialAction":[{"@type":"ReadAction","target":["https:\/\/www.laboratorijapaster.rs\/shop\/%d0%ba%d0%be%d1%80%d0%bf%d0%b0\/"]}]},{"@type":"BreadcrumbList","@id":"https:\/\/www.laboratorijapaster.rs\/shop\/%d0%ba%d0%be%d1%80%d0%bf%d0%b0\/#breadcrumb","itemListElement":[{"@type":"ListItem","position":1,"name":"\u041f\u043e\u0447\u0435\u0442\u043d\u0430","item":"https:\/\/www.laboratorijapaster.rs\/shop\/"},{"@type":"ListItem","position":2,"name":"\u041a\u043e\u0440\u043f\u0430"}]},{"@type":"WebSite","@id":"https:\/\/www.laboratorijapaster.rs\/shop\/#website","url":"https:\/\/www.laboratorijapaster.rs\/shop\/","name":"Online Shop Srbija","description":"","potentialAction":[{"@type":"SearchAction","target":{"@type":"EntryPoint","urlTemplate":"https:\/\/www.laboratorijapaster.rs\/shop\/?s={search_term_string}"},"query-input":{"@type":"PropertyValueSpecification","valueRequired":true,"valueName":"search_term_string"}}],"inLanguage":"sr-RS"}]}},"_links":{"self":[{"href":"https:\/\/www.laboratorijapaster.rs\/shop\/wp-json\/wp\/v2\/pages\/9","targetHints":{"allow":["GET"]}}],"collection":[{"href":"https:\/\/www.laboratorijapaster.rs\/shop\/wp-json\/wp\/v2\/pages"}],"about":[{"href":"https:\/\/www.laboratorijapaster.rs\/shop\/wp-json\/wp\/v2\/types\/page"}],"author":[{"embeddable":true,"href":"https:\/\/www.laboratorijapaster.rs\/shop\/wp-json\/wp\/v2\/users\/1"}],"replies":[{"embeddable":true,"href":"https:\/\/www.laboratorijapaster.rs\/shop\/wp-json\/wp\/v2\/comments?post=9"}],"version-history":[{"count":1,"href":"https:\/\/www.laboratorijapaster.rs\/shop\/wp-json\/wp\/v2\/pages\/9\/revisions"}],"predecessor-version":[{"id":61,"href":"https:\/\/www.laboratorijapaster.rs\/shop\/wp-json\/wp\/v2\/pages\/9\/revisions\/61"}],"wp:attachment":[{"href":"https:\/\/www.laboratorijapaster.rs\/shop\/wp-json\/wp\/v2\/media?parent=9"}],"curies":[{"name":"wp","href":"https:\/\/api.w.org\/{rel}","templated":true}]}}